{"id":1430,"date":"2022-11-04T18:28:57","date_gmt":"2022-11-04T18:28:57","guid":{"rendered":"http:\/\/ciaran.art\/disclaimer"},"modified":"2022-11-11T17:04:25","modified_gmt":"2022-11-11T17:04:25","slug":"disclaimer","status":"publish","type":"page","link":"https:\/\/ciaran.art\/en\/disclaimer","title":{"rendered":"Disclaimer"},"content":{"rendered":"<p>[et_pb_section fb_built=&#8221;1&#8243; _builder_version=&#8221;4.18.0&#8243; _module_preset=&#8221;default&#8221; background_color=&#8221;#1f1f1f&#8221; global_colors_info=&#8221;{}&#8221;][et_pb_row _builder_version=&#8221;4.16&#8243; _module_preset=&#8221;default&#8221; global_colors_info=&#8221;{}&#8221;][et_pb_column type=&#8221;4_4&#8243; _builder_version=&#8221;4.16&#8243; _module_preset=&#8221;default&#8221; global_colors_info=&#8221;{}&#8221;][et_pb_text _builder_version=&#8221;4.19.0&#8243; _module_preset=&#8221;default&#8221; text_font=&#8221;SMALLTYPEWRITING||||||||&#8221; text_text_color=&#8221;#FFFFFF&#8221; link_text_color=&#8221;#fdc736&#8243; header_font=&#8221;Goldfish||||||||&#8221; header_2_font=&#8221;Goldfish||||||||&#8221; header_2_text_color=&#8221;#fdc736&#8243; header_3_font=&#8221;Goldfish||||||||&#8221; header_3_text_color=&#8221;#FFFFFF&#8221; global_colors_info=&#8221;{}&#8221;]<\/p>\n<h2 style=\"text-align: center;\">Disclaimer<\/h2>\n<h3>Propri\u00e9t\u00e9<\/h3>\n<p>Le site awafilms.com est la propri\u00e9t\u00e9 de CIARAN HEURTEAU, soci\u00e9t\u00e9 immatricul\u00e9e au RCS le 01-02-2014 sous le N\u00b0 de siret 80069925800029. Responsable de la publication \u2013 CIAR\u00c1N HEURTEAU, G\u00e9rant. Si\u00e8ge social situ\u00e9, 376 Route de La Montagne, Petite Bergerie, 73210, La Plagne-Tarentaise. Tel : 06 48 11 50 23. Mail : <a href=\"mailto:hello@ciaran.art\">hello@ciaran.art<\/a> . Site web con\u00e7us par Ciar\u00e1n Heurteau.<\/p>\n<h3>Conditions g\u00e9n\u00e9rales du site h\u00e9bergement<\/h3>\n<p>Site h\u00e9berg\u00e9 chez IONOS, RCS Sarreguemines B 431 303 775 00016 Code APE 6311Z Si\u00e8ge social : 7 PL DE LA GARE, 57200 SARREGUEMINES \u2013 France. Support WordPress : <a href=\"mailto:contact@wordpress-hebergement.fr\">contact@wordpress-hebergement.fr<\/a><\/p>\n<h3>R\u00e9alisation techniques et graphiques<\/h3>\n<p>Les informations fournies sur le site ciaran.art sont \u00e0 titre informatif, et ne saurait garantir l\u2019exactitude, la compl\u00e9tude, l\u2019actualit\u00e9 des informations diffus\u00e9es sur le site. Le responsable de la publication met tout en \u0153uvre pour offrir aux utilisateurs des informations v\u00e9rifi\u00e9s, mais ne saurait \u00eatre tenu pour responsable des erreurs, des omissions et d\u2019une absence de disponibilit\u00e9 des informations.<\/p>\n<p>En cons\u00e9quence, l\u2019utilisateur reconna\u00eet utiliser ces informations sous sa responsabilit\u00e9 exclusive. D\u2019une mani\u00e8re g\u00e9n\u00e9rale, le responsable de publication ne pourra \u00eatre tenu responsable des dommages directs ou indirects r\u00e9sultant de l\u2019utilisation du site, le site awafilms.com ou d\u2019autres sites qui lui sont li\u00e9s. Les sites ext\u00e9rieurs ayant un lien hypertexte avec le pr\u00e9sent site ne sont pas sous son contr\u00f4le et le responsable de publication d\u00e9cline par cons\u00e9quent toute responsabilit\u00e9 quant \u00e0 leur contenu. L\u2019utilisateur est seul responsable de leur utilisation.<\/p>\n<p>[\/et_pb_text][\/et_pb_column][\/et_pb_row][\/et_pb_section][et_pb_section fb_built=&#8221;1&#8243; module_id=&#8221;CONTACT&#8221; module_class=&#8221;chiddn_hide_section_dot&#8221; _builder_version=&#8221;4.18.0&#8243; _module_preset=&#8221;default&#8221; background_color=&#8221;#1f1f1f&#8221; background_enable_image=&#8221;off&#8221; background_size=&#8221;custom&#8221; background_image_width=&#8221;40%&#8221; background_image_height=&#8221;30%&#8221; background_position=&#8221;bottom_center&#8221; custom_margin=&#8221;0%||0%||false|false&#8221; custom_padding=&#8221;0%||0%||false|false&#8221; global_module=&#8221;85&#8243; saved_tabs=&#8221;all&#8221; global_colors_info=&#8221;{}&#8221;][et_pb_row disabled_on=&#8221;off|off|off&#8221; _builder_version=&#8221;4.18.0&#8243; _module_preset=&#8221;default&#8221; width_tablet=&#8221;100%&#8221; width_phone=&#8221;&#8221; width_last_edited=&#8221;on|tablet&#8221; max_width=&#8221;700px&#8221; module_alignment=&#8221;center&#8221; global_colors_info=&#8221;{}&#8221;][et_pb_column type=&#8221;4_4&#8243; _builder_version=&#8221;4.16&#8243; _module_preset=&#8221;default&#8221; global_colors_info=&#8221;{}&#8221;][dipl_logo_slider slides_per_group=&#8221;2&#8243; space_between_slides=&#8221;-10px&#8221; slider_loop=&#8221;on&#8221; autoplay=&#8221;off&#8221; previous_slide_arrow=&#8221;&#xe045;||divi||400&#8243; next_slide_arrow=&#8221;&#xe046;||divi||400&#8243; arrows_position=&#8221;outside&#8221; enable_dynamic_dots=&#8221;on&#8221; slide_image_width=&#8221;100px&#8221; arrow_font_size=&#8221;24px&#8221; arrow_color=&#8221;#fdc736&#8243; control_dot_active_color=&#8221;#fdc736&#8243; control_dot_inactive_color=&#8221;#FFFFFF&#8221; slider_container_custom_padding=&#8221;|0px|0%|0px|false|false&#8221; logo_per_slide_tablet=&#8221;4&#8243; logo_per_slide_phone=&#8221;2&#8243; logo_per_slide_last_edited=&#8221;on|tablet&#8221; disabled_on=&#8221;off|off|off&#8221; _builder_version=&#8221;4.19.0&#8243; _module_preset=&#8221;default&#8221; module_alignment=&#8221;center&#8221; min_height=&#8221;50px&#8221; custom_margin=&#8221;||0%||false|false&#8221; custom_padding=&#8221;||0%||false|false&#8221; global_colors_info=&#8221;{}&#8221;][dipl_logo_slider_item logo_alt=&#8221;La Grave&#8221; upload_logo_image=&#8221;http:\/\/ciaran.art\/wp-content\/uploads\/2022\/10\/LA-GRAVE-AEON-BLANC.png&#8221; _builder_version=&#8221;4.18.0&#8243; _module_preset=&#8221;default&#8221; link_option_url=&#8221;www.awafilms.com\/la-grave&#8221; global_colors_info=&#8221;{}&#8221;][\/dipl_logo_slider_item][dipl_logo_slider_item logo_alt=&#8221;Netflix&#8221; upload_logo_image=&#8221;http:\/\/ciaran.art\/wp-content\/uploads\/2022\/10\/NETFLIX-1.png&#8221; _builder_version=&#8221;4.17.4&#8243; _module_preset=&#8221;default&#8221; link_option_url=&#8221;http:\/\/ciaran.art\/wp-content\/uploads\/2022\/10\/NETFLIX.png&#8221; global_colors_info=&#8221;{}&#8221;][\/dipl_logo_slider_item][dipl_logo_slider_item logo_alt=&#8221;Redbull&#8221; upload_logo_image=&#8221;http:\/\/ciaran.art\/wp-content\/uploads\/2022\/10\/redbull.png&#8221; _builder_version=&#8221;4.19.0&#8243; _module_preset=&#8221;default&#8221; filter_saturate=&#8221;0%&#8221; filter_brightness=&#8221;93%&#8221; filter_invert=&#8221;100%&#8221; link_option_url=&#8221;www.awafilms.com\/redbull&#8221; global_colors_info=&#8221;{}&#8221;][\/dipl_logo_slider_item][dipl_logo_slider_item logo_alt=&#8221;Pays des \u00c9crins&#8221; upload_logo_image=&#8221;http:\/\/ciaran.art\/wp-content\/uploads\/2022\/10\/Logo-PDE-Blanc.png&#8221; _builder_version=&#8221;4.17.4&#8243; _module_preset=&#8221;default&#8221; link_option_url=&#8221;www.awafilms.com\/Logo PDE Blanc&#8221; global_colors_info=&#8221;{}&#8221;][\/dipl_logo_slider_item][dipl_logo_slider_item logo_alt=&#8221;Hautes Vall\u00e9es&#8221; upload_logo_image=&#8221;http:\/\/ciaran.art\/wp-content\/uploads\/2022\/10\/hautesvalle\u0301e.png&#8221; _builder_version=&#8221;4.17.4&#8243; _module_preset=&#8221;default&#8221; filter_invert=&#8221;100%&#8221; link_option_url=&#8221;www.awafilms.com\/hautesvallee&#8221; global_colors_info=&#8221;{}&#8221;][\/dipl_logo_slider_item][dipl_logo_slider_item logo_alt=&#8221;Le Queyras&#8221; upload_logo_image=&#8221;http:\/\/ciaran.art\/wp-content\/uploads\/2022\/10\/queyras.png&#8221; _builder_version=&#8221;4.18.0&#8243; _module_preset=&#8221;default&#8221; filter_invert=&#8221;100%&#8221; link_option_url=&#8221;www.awafilms.com\/queyras&#8221; global_colors_info=&#8221;{}&#8221;][\/dipl_logo_slider_item][dipl_logo_slider_item logo_alt=&#8221;Puy-Saint-Vincent&#8221; upload_logo_image=&#8221;http:\/\/ciaran.art\/wp-content\/uploads\/2022\/10\/puysaintvincent.png&#8221; _builder_version=&#8221;4.17.4&#8243; _module_preset=&#8221;default&#8221; filter_invert=&#8221;100%&#8221; link_option_url=&#8221;www.awafilms.com\/puysaintvincent&#8221; global_colors_info=&#8221;{}&#8221;][\/dipl_logo_slider_item][dipl_logo_slider_item logo_alt=&#8221;Le D\u00e9voluy&#8221; upload_logo_image=&#8221;http:\/\/ciaran.art\/wp-content\/uploads\/2022\/10\/devoluy.png&#8221; _builder_version=&#8221;4.17.4&#8243; _module_preset=&#8221;default&#8221; filter_invert=&#8221;100%&#8221; link_option_url=&#8221;www.awafilms.com\/devoluy&#8221; global_colors_info=&#8221;{}&#8221;][\/dipl_logo_slider_item][dipl_logo_slider_item logo_alt=&#8221;Purealpes&#8221; upload_logo_image=&#8221;http:\/\/ciaran.art\/wp-content\/uploads\/2022\/10\/purealpes-blanc.png&#8221; _builder_version=&#8221;4.17.4&#8243; _module_preset=&#8221;default&#8221; link_option_url=&#8221;www.awafilms.com\/purealpes-blanc&#8221; global_colors_info=&#8221;{}&#8221;][\/dipl_logo_slider_item][dipl_logo_slider_item logo_alt=&#8221;Parc National des \u00c9crins&#8221; upload_logo_image=&#8221;http:\/\/ciaran.art\/wp-content\/uploads\/2022\/10\/logo_un_cartouche_ecrins_quadri_txt_violet.png&#8221; _builder_version=&#8221;4.18.0&#8243; _module_preset=&#8221;default&#8221; filter_saturate=&#8221;0%&#8221; filter_invert=&#8221;100%&#8221; link_option_url=&#8221;www.awafilms.com\/logo_un_cartouche_ecrins_quadri_txt_violet&#8221; global_colors_info=&#8221;{}&#8221;][\/dipl_logo_slider_item][dipl_logo_slider_item logo_alt=&#8221;Outdoormix&#8221; upload_logo_image=&#8221;http:\/\/ciaran.art\/wp-content\/uploads\/2022\/10\/outdoormix-logo.png&#8221; _builder_version=&#8221;4.17.4&#8243; _module_preset=&#8221;default&#8221; link_option_url=&#8221;www.awafilms.com\/outdoormix-logo&#8221; global_colors_info=&#8221;{}&#8221;][\/dipl_logo_slider_item][dipl_logo_slider_item logo_alt=&#8221;tignes&#8221; upload_logo_image=&#8221;http:\/\/ciaran.art\/wp-content\/uploads\/2022\/10\/TIGNES_LOGO_officiel_blanc.png&#8221; _builder_version=&#8221;4.18.0&#8243; _module_preset=&#8221;default&#8221; global_colors_info=&#8221;{}&#8221;][\/dipl_logo_slider_item][\/dipl_logo_slider][\/et_pb_column][\/et_pb_row][et_pb_row column_structure=&#8221;1_5,3_5,1_5&#8243; _builder_version=&#8221;4.17.4&#8243; _module_preset=&#8221;default&#8221; custom_margin=&#8221;0%||||false|false&#8221; custom_padding=&#8221;0%||0%||false|false&#8221; global_colors_info=&#8221;{}&#8221;][et_pb_column type=&#8221;1_5&#8243; _builder_version=&#8221;4.16&#8243; _module_preset=&#8221;default&#8221; global_colors_info=&#8221;{}&#8221;][\/et_pb_column][et_pb_column type=&#8221;3_5&#8243; _builder_version=&#8221;4.16&#8243; _module_preset=&#8221;default&#8221; global_colors_info=&#8221;{}&#8221;][et_pb_image src=&#8221;http:\/\/ciaran.art\/wp-content\/uploads\/2022\/11\/cropped-CIARAN-LOGO-TRANSPARENT-BG.png&#8221; title_text=&#8221;CIARAN &#8211; LOGO&#8221; url=&#8221;http:\/\/www.awafilms.com&#8221; align=&#8221;center&#8221; _builder_version=&#8221;4.18.0&#8243; _module_preset=&#8221;default&#8221; width=&#8221;30%&#8221; width_tablet=&#8221;20%&#8221; width_phone=&#8221;60%&#8221; width_last_edited=&#8221;on|tablet&#8221; global_colors_info=&#8221;{}&#8221;][\/et_pb_image][et_pb_menu dropdown_menu_bg_color=&#8221;RGBA(255,255,255,0)&#8221; dropdown_menu_line_color=&#8221;RGBA(255,255,255,0)&#8221; menu_icon_color=&#8221;#fec735&#8243; disabled_on=&#8221;on|on|off&#8221; _builder_version=&#8221;4.19.0&#8243; _module_preset=&#8221;default&#8221; menu_font=&#8221;Goldfish||||||||&#8221; menu_text_color=&#8221;#f1f9fb&#8221; menu_letter_spacing=&#8221;1px&#8221; background_enable_color=&#8221;off&#8221; text_orientation=&#8221;center&#8221; custom_margin=&#8221;||||false|false&#8221; custom_padding=&#8221;||||false|false&#8221; global_colors_info=&#8221;{}&#8221;][\/et_pb_menu][et_pb_social_media_follow icon_color=&#8221;#f1f9fb&#8221; follow_button_last_edited=&#8221;off|desktop&#8221; _builder_version=&#8221;4.19.0&#8243; _module_preset=&#8221;default&#8221; text_orientation=&#8221;center&#8221; custom_margin=&#8221;||0%||false|false&#8221; custom_padding=&#8221;||0%||false|false&#8221; global_colors_info=&#8221;{}&#8221;][et_pb_social_media_follow_network social_network=&#8221;google-plus&#8221; url=&#8221;mailto:hello@ciaran.art&#8221; _builder_version=&#8221;4.19.0&#8243; _module_preset=&#8221;default&#8221; background_color=&#8221;#1f1f1f&#8221; background_enable_color=&#8221;on&#8221; global_colors_info=&#8221;{}&#8221; follow_button=&#8221;off&#8221; url_new_window=&#8221;on&#8221;]google-plus[\/et_pb_social_media_follow_network][et_pb_social_media_follow_network social_network=&#8221;vimeo&#8221; url=&#8221;http:\/\/www.vimeo.com\/awafilmsofficial&#8221; _builder_version=&#8221;4.18.0&#8243; _module_preset=&#8221;default&#8221; background_color=&#8221;#1f1f1f&#8221; background_enable_color=&#8221;on&#8221; global_colors_info=&#8221;{}&#8221; follow_button=&#8221;off&#8221; url_new_window=&#8221;on&#8221;]vimeo[\/et_pb_social_media_follow_network][et_pb_social_media_follow_network social_network=&#8221;facebook&#8221; url=&#8221;http:\/\/www.facebook.com\/ciaranheurteau&#8221; _builder_version=&#8221;4.18.0&#8243; _module_preset=&#8221;default&#8221; background_color=&#8221;#1f1f1f&#8221; background_enable_color=&#8221;on&#8221; global_colors_info=&#8221;{}&#8221; follow_button=&#8221;off&#8221; url_new_window=&#8221;on&#8221;]facebook[\/et_pb_social_media_follow_network][et_pb_social_media_follow_network social_network=&#8221;youtube&#8221; _builder_version=&#8221;4.18.0&#8243; _module_preset=&#8221;default&#8221; background_color=&#8221;#1f1f1f&#8221; background_enable_color=&#8221;on&#8221; global_colors_info=&#8221;{}&#8221; follow_button=&#8221;off&#8221; url_new_window=&#8221;on&#8221;]youtube[\/et_pb_social_media_follow_network][et_pb_social_media_follow_network social_network=&#8221;instagram&#8221; url=&#8221;http:\/\/www.instagram.com\/ciaran.art&#8221; _builder_version=&#8221;4.19.0&#8243; _module_preset=&#8221;default&#8221; background_color=&#8221;#1f1f1f&#8221; background_enable_color=&#8221;on&#8221; global_colors_info=&#8221;{}&#8221; follow_button=&#8221;off&#8221; url_new_window=&#8221;on&#8221;]instagram[\/et_pb_social_media_follow_network][\/et_pb_social_media_follow][\/et_pb_column][et_pb_column type=&#8221;1_5&#8243; _builder_version=&#8221;4.17.4&#8243; _module_preset=&#8221;default&#8221; global_colors_info=&#8221;{}&#8221;][\/et_pb_column][\/et_pb_row][et_pb_row disabled_on=&#8221;off|off|on&#8221; _builder_version=&#8221;4.18.0&#8243; _module_preset=&#8221;default&#8221; width=&#8221;100%&#8221; module_alignment=&#8221;center&#8221; global_colors_info=&#8221;{}&#8221;][et_pb_column type=&#8221;4_4&#8243; _builder_version=&#8221;4.18.0&#8243; _module_preset=&#8221;default&#8221; global_colors_info=&#8221;{}&#8221;][et_pb_text _builder_version=&#8221;4.19.0&#8243; _module_preset=&#8221;default&#8221; text_font=&#8221;Small Type Writing||||||||&#8221; text_text_color=&#8221;#577cbd&#8221; link_font=&#8221;Small Type Writing||||||||&#8221; link_text_color=&#8221;#f1f9fb&#8221; global_colors_info=&#8221;{}&#8221;]<\/p>\n<p style=\"text-align: center;\"><a href=\"https:\/\/ciaran.art\/mentions-legales\/\">Disclaimer<\/a> | <a href=\"https:\/\/ciaran.art\/politique-de-confidentialite\/\">Privacy Policy<\/a><br \/><a href=\"https:\/\/ciaran.art\/politique-de-cookies\/\">Cookies Policy<\/a><\/p>\n<p>[\/et_pb_text][\/et_pb_column][\/et_pb_row][et_pb_row disabled_on=&#8221;on|on|off&#8221; _builder_version=&#8221;4.18.0&#8243; _module_preset=&#8221;default&#8221; custom_margin=&#8221;||-20px||false|false&#8221; global_colors_info=&#8221;{}&#8221;][et_pb_column type=&#8221;4_4&#8243; _builder_version=&#8221;4.17.4&#8243; _module_preset=&#8221;default&#8221; global_colors_info=&#8221;{}&#8221;][et_pb_menu menu_id=&#8221;25&#8243; menu_style=&#8221;centered&#8221; submenu_direction=&#8221;upwards&#8221; menu_icon_color=&#8221;#fec735&#8243; disabled_on=&#8221;off|on|off&#8221; _builder_version=&#8221;4.19.0&#8243; _module_preset=&#8221;default&#8221; menu_font=&#8221;SMALLTYPEWRITING||||||||&#8221; menu_text_color=&#8221;#FFFFFF&#8221; background_enable_color=&#8221;off&#8221; hover_enabled=&#8221;0&#8243; global_colors_info=&#8221;{}&#8221; sticky_enabled=&#8221;0&#8243;][\/et_pb_menu][\/et_pb_column][\/et_pb_row][\/et_pb_section]<\/p>\n","protected":false},"excerpt":{"rendered":"<p>Disclaimer Propri\u00e9t\u00e9 Le site awafilms.com est la propri\u00e9t\u00e9 de CIARAN HEURTEAU, soci\u00e9t\u00e9 immatricul\u00e9e au RCS le 01-02-2014 sous le N\u00b0 de siret 80069925800029. Responsable de la publication \u2013 CIAR\u00c1N HEURTEAU, G\u00e9rant. Si\u00e8ge social situ\u00e9, 376 Route de La Montagne, Petite Bergerie, 73210, La Plagne-Tarentaise. Tel : 06 48 11 50 23. Mail : hello@ciaran.art . Site web con\u00e7us par Ciar\u00e1n Heurteau. Conditions g\u00e9n\u00e9rales du site h\u00e9bergement Site h\u00e9berg\u00e9 chez IONOS, RCS Sarreguemines B 431 303 775 00016 Code APE 6311Z Si\u00e8ge social : 7 PL DE LA GARE, 57200 SARREGUEMINES \u2013 France. Support WordPress : contact@wordpress-hebergement.fr R\u00e9alisation techniques et graphiques Les informations fournies sur le site ciaran.art sont \u00e0 titre informatif, et ne saurait garantir l\u2019exactitude, la compl\u00e9tude, l\u2019actualit\u00e9 des informations diffus\u00e9es sur le site. Le responsable de la publication met tout en \u0153uvre pour offrir aux utilisateurs des informations v\u00e9rifi\u00e9s, mais ne saurait \u00eatre tenu pour responsable des erreurs, des omissions et d\u2019une absence de disponibilit\u00e9 des informations. En cons\u00e9quence, l\u2019utilisateur reconna\u00eet utiliser ces informations sous sa responsabilit\u00e9 exclusive. D\u2019une mani\u00e8re g\u00e9n\u00e9rale, le responsable de publication ne pourra \u00eatre tenu responsable des dommages directs ou indirects r\u00e9sultant de l\u2019utilisation du site, le site awafilms.com ou d\u2019autres sites qui lui [&hellip;]<\/p>\n","protected":false},"author":1,"featured_media":0,"parent":0,"menu_order":0,"comment_status":"closed","ping_status":"closed","template":"","meta":{"_et_pb_use_builder":"on","_et_pb_old_content":"","_et_gb_content_width":"","_monsterinsights_skip_tracking":false,"_monsterinsights_sitenote_active":false,"_monsterinsights_sitenote_note":"","_monsterinsights_sitenote_category":0,"footnotes":""},"class_list":["post-1430","page","type-page","status-publish","hentry"],"aioseo_notices":[],"_links":{"self":[{"href":"https:\/\/ciaran.art\/en\/wp-json\/wp\/v2\/pages\/1430","targetHints":{"allow":["GET"]}}],"collection":[{"href":"https:\/\/ciaran.art\/en\/wp-json\/wp\/v2\/pages"}],"about":[{"href":"https:\/\/ciaran.art\/en\/wp-json\/wp\/v2\/types\/page"}],"author":[{"embeddable":true,"href":"https:\/\/ciaran.art\/en\/wp-json\/wp\/v2\/users\/1"}],"replies":[{"embeddable":true,"href":"https:\/\/ciaran.art\/en\/wp-json\/wp\/v2\/comments?post=1430"}],"version-history":[{"count":8,"href":"https:\/\/ciaran.art\/en\/wp-json\/wp\/v2\/pages\/1430\/revisions"}],"predecessor-version":[{"id":1550,"href":"https:\/\/ciaran.art\/en\/wp-json\/wp\/v2\/pages\/1430\/revisions\/1550"}],"wp:attachment":[{"href":"https:\/\/ciaran.art\/en\/wp-json\/wp\/v2\/media?parent=1430"}],"curies":[{"name":"wp","href":"https:\/\/api.w.org\/{rel}","templated":true}]}}